{"id":3,"date":"2021-06-15T07:15:24","date_gmt":"2021-06-15T07:15:24","guid":{"rendered":"https:\/\/menuothebrand.com\/?page_id=3"},"modified":"2022-01-30T11:10:32","modified_gmt":"2022-01-30T11:10:32","slug":"privacy-policy","status":"publish","type":"page","link":"https:\/\/menuothebrand.com\/lt\/privacy-policy\/","title":{"rendered":"PRIVATUMO IR SLAPUK\u0172 POLITIKA"},"content":{"rendered":"<div class=\"row\"  id=\"row-169631246\">\n\n\n\t<div id=\"col-405344309\" class=\"col small-12 large-12\"  >\n\t\t\t\t<div class=\"col-inner\"  >\n\t\t\t\n\t\t\t\n\n<header class=\"entry-header\">\n<h1 class=\"entry-title\">PRIVATUMO IR SLAPUK\u0172 POLITIKA<\/h1>\n<hr \/><\/header>\n<div class=\"entry-content\">\n<p>MB \u201cM\u0117nuo\u201d (toliau \u2013 M\u0117nuo) yra svarbi J\u016bs\u0173 \u2013 M\u016bs\u0173 klient\u0173 bei kit\u0173 duomen\u0173 subjekt\u0173 asmens duomen\u0173 apsauga. Tod\u0117l esame \u012fsipareigoj\u0119 gerbti ir saugoti kiekvieno duomen\u0173 subjekto privatum\u0105.<\/p>\n<p>\u0160ioje Privatumo politikoje yra pateikiama esmin\u0117 informacija apie M\u0117nuo vykdom\u0105 asmens duomen\u0173 tvarkym\u0105, \u0161i\u0173 duomen\u0173 saugojim\u0105 ir duomen\u0173 subjekt\u0173 teises.<\/p>\n<h4>PAGRINDIN\u0116S S\u0104VOKOS<\/h4>\n<ol>\n<li>Asmens duomenys \u2013 bet kokia informacija apie fizin\u012f asmen\u012f, kurio tapatyb\u0117 nustatyta arba kurio tapatyb\u0119 galima nustatyti (duomen\u0173 subjektas); fizinis asmuo, kurio tapatyb\u0119 galima nustatyti, yra asmuo, kurio tapatyb\u0119 tiesiogiai arba netiesiogiai galima nustatyti, vis\u0173 pirma pagal identifikatori\u0173, kaip antai vard\u0105 ir pavard\u0119, asmens identifikavimo numer\u012f, buvimo vietos duomenis ir interneto identifikatori\u0173 arba pagal vien\u0105 ar kelis to fizinio asmens fizin\u0117s, fiziologin\u0117s, genetin\u0117s, psichin\u0117s, ekonomin\u0117s, kult\u016brin\u0117s ar socialin\u0117s tapatyb\u0117s po\u017eymius;<\/li>\n<li>Duomen\u0173 tvarkymas \u2013 bet kokia automatizuotomis arba neautomatizuotomis priemon\u0117mis su asmens duomenimis ar asmens duomen\u0173 rinkiniais atliekama operacija ar operacij\u0173 seka, kaip antai rinkimas, \u012fra\u0161ymas, r\u016b\u0161iavimas, sisteminimas, saugojimas, adaptavimas ar keitimas, i\u0161gava, susipa\u017einimas, naudojimas, atskleidimas persiun\u010diant, platinant ar kitu b\u016bdu sudarant galimyb\u0119 jais naudotis, taip pat sugretinimas ar sujungimas su kitais duomenimis, apribojimas, i\u0161trynimas arba sunaikinimas;<\/li>\n<li>Duomen\u0173 gav\u0117jas \u2013 fizinis arba juridinis asmuo, vald\u017eios institucija, agent\u016bra ar kita \u012fstaiga, kuriai atskleid\u017eiami asmens duomenys, nesvarbu, ar tai tre\u010dioji \u0161alis ar ne. Ta\u010diau vald\u017eios institucijos, kurios pagal S\u0105jungos arba valstyb\u0117s nar\u0117s teis\u0119 gali gauti asmens duomenis vykdydamos konkret\u0173 tyrim\u0105, nelaikomos duomen\u0173 gav\u0117jais; tvarkydamos tuos duomenis, tos vald\u017eios institucijos laikosi taikom\u0173 duomen\u0173 tvarkymo tikslus atitinkan\u010di\u0173 duomen\u0173 apsaugos taisykli\u0173;<\/li>\n<li>Tre\u010dioji \u0161alis \u2013 fizinis arba juridinis asmuo, vald\u017eios institucija, agent\u016bra ar kita \u012fstaiga, kuri n\u0117ra duomen\u0173 subjektas, duomen\u0173 valdytojas, duomen\u0173 tvarkytojas, arba asmenys, kuriems tiesioginiu duomen\u0173 valdytojo ar duomen\u0173 tvarkytojo \u012fgaliojimu leid\u017eiama tvarkyti asmens duomenis;<\/li>\n<li>Duomen\u0173 subjekto sutikimas \u2013 bet koks laisva valia duotas, konkretus ir nedviprasmi\u0161kas tinkamai informuoto duomen\u0173 subjekto valios i\u0161rei\u0161kimas parei\u0161kimu arba vienareik\u0161miais veiksmais kuriais jis sutinka, kad b\u016bt\u0173 tvarkomi su juo susij\u0119 asmens duomenys;<\/li>\n<li>Duomen\u0173 subjektas \u2013 fizinis asmuo, kurio asmens duomenys yra tvarkomi;<\/li>\n<li>Speciali\u0173j\u0173 kategorij\u0173 duomenys \u2013 asmens duomenys, atskleid\u017eiantys rasin\u0119 ar etnin\u0119 kilm\u0119, politines pa\u017ei\u016bras, religinius ar filosofinius \u012fsitikinimus, naryst\u0119 profesin\u0117se s\u0105jungose, taip pat duomenys atskleid\u017eiantys sveikatos duomenis, duomenys apie fizinio asmens lytin\u012f gyvenim\u0105 ir\/ar lytin\u0119 orientacij\u0105.<\/li>\n<\/ol>\n<h2><strong>ASMENS DUOMENYS<\/strong><\/h2>\n<h4>Teis\u0117ti asmens duomen\u0173 tvarkymo kriterijai<\/h4>\n<p>M\u0117nuo renka bei toliau tvarko J\u016bs\u0173 asmens duomenis tik remdamasi asmens duomen\u0173 apsaug\u0105 reglamentuojan\u010diuose teis\u0117s aktuose apibr\u0117\u017etais teis\u0117tais pagrindais:<\/p>\n<ul>\n<li>j\u016bs\u0173 sutikimu;<\/li>\n<li>siekiant sudaryti ir (ar) vykdyti su Jumis sudaryt\u0105 sutart\u012f.<\/li>\n<\/ul>\n<h4>Asmens duomen\u0173 tvarkymo tikslai<\/h4>\n<p>M\u0117nuo tvarko duomenis elektronin\u0117s prekybos tikslu.<\/p>\n<h4>Tvarkomi asmens duomenys<\/h4>\n<p>M\u0117nuo tvarko \u0161iuos duomenis:<\/p>\n<ul>\n<li>su J\u016bs\u0173 sutikimu, asmens duomenis, kuriuos pateikiate, svetain\u0117je www.menuothebrand.com (tai pagrindin\u0117 informacija, pavyzd\u017eiui, vardas, pavard\u0117, elektroninio pa\u0161to adresas);<\/li>\n<li>asmens duomenis gaunamus sudarant verslo (bendradarbiavimo) sutart\u012f (vardas, pavard\u0117, el. pa\u0161to adresas, telefono numeris);<\/li>\n<li>kitus duomenis, kurie yra renkami remiantis J\u016bs\u0173 sutikimu ir kurie apibr\u0117\u017eiami i\u0161samiai tuo metu, kai i\u0161 J\u016bs\u0173 pra\u0161oma sutikimo;<\/li>\n<li>kitus duomenis, kurie gaunami siekiant sudaryti ir (ar) vykdyti su Jumis sudaryt\u0105 sutart\u012f;<\/li>\n<\/ul>\n<h4>Slapukai<\/h4>\n<p>Siekdami pagerinti J\u016bs\u0173 patirt\u012f lankantis M\u0117nuo svetain\u0117se, naudojame slapukus (angl. cookies) \u2013 nedideles tekstin\u0117s informacijos daleles, kurios automati\u0161kai sukuriamos nar\u0161ant svetain\u0117je ir yra saugomos J\u016bs\u0173 kompiuteryje ar kitame galiniame \u012frenginyje. Slapuk\u0173 surinkta informacija leid\u017eia mums u\u017etikrinti skland\u0173 svetain\u0117s veikim\u0105, J\u016bs\u0173 galimyb\u0119 nar\u0161yti patogiau, bei daugiau su\u017einoti apie m\u016bs\u0173 svetaini\u0173 naudotoj\u0173 elges\u012f, analizuoti tendencijas ir tobulinti tiek svetain\u0119, tiek J\u016bs\u0173 aptarnavim\u0105, tiek M\u0117nuo teikiamas paslaugas.<\/p>\n<p>Slapuk\u0173 duomenys n\u0117ra perduodami tre\u010diosioms \u0161alims.<\/p>\n<p>J\u016bs galite pasirinkti, ar norite priimti slapukus. Jeigu nesutinkate, kad \u012f J\u016bs\u0173 kompiuter\u012f ar \u012f kit\u0105 galin\u012f \u012frengin\u012f b\u016bt\u0173 \u012fra\u0161omi slapukai, galite pakeisti savo interneto nar\u0161ykl\u0117s nustatymus ir i\u0161jungti visus slapukus arba \u012fjungti \/ i\u0161jungti juos po vien\u0105. Ta\u010diau atkreipiame d\u0117mes\u012f, kad kai kuriais atvejais tai gali sul\u0117tinti nar\u0161ymo internete spart\u0105, apriboti tam tikr\u0173 interneto svetaini\u0173 funkcij\u0173 veikim\u0105 arba blokuoti prieig\u0105 prie svetain\u0117s.<\/p>\n<h4>Asmens duomen\u0173 saugojimo terminas<\/h4>\n<p>Mes saugome J\u016bs\u0173 asmens duomenis ne ilgiau, negu to reikalauja duomen\u0173 tvarkymo tikslai ar numato teis\u0117s aktai, jeigu juose yra nustatytas ilgesnis duomen\u0173 saugojimas.<\/p>\n<p>Mes siekiame nesaugoti pasenusios arba nereikalingos informacijos ir u\u017etikrinti, kad asmens duomenys ir kita informacija apie klientus b\u016bt\u0173 nuolat atnaujinta ir teisinga.<\/p>\n<h4>Asmens duomen\u0173 teikimas<\/h4>\n<p>M\u0117nuo teikia J\u016bs\u0173 duomenis:<\/p>\n<ul>\n<li>Jums sutikus, ai\u0161kiai apibr\u0117\u017etiems duomen\u0173 gav\u0117jams;<\/li>\n<li>\u012fstaigoms ar organizacijoms pagal teis\u0117s akt\u0173 reikalavimus;<\/li>\n<li>kitiems tretiesiems asmenims J\u016bs\u0173 sutikimu, kuris gali b\u016bti gautas d\u0117l konkretaus atvejo.<\/li>\n<\/ul>\n<h2>M\u0116NUO NAUDOJAMOS ASMENS DUOMEN\u0172 SAUGUMO PRIEMON\u0116S<\/h2>\n<p>M\u0117nuo veikla internete atitinka visus atitinkamai veiklai keliamus tarptautini\u0173 teis\u0117s akt\u0173, Europos S\u0105jungos teis\u0117s akt\u0173 ir Lietuvos Respublikos \u012fstatym\u0173 reikalavimus.<\/p>\n<h4>Bendrasis duomen\u0173 apsaugos reglamentas (BDAR)<\/h4>\n<p>M\u0117nuo tvarkydama duomen\u0173 subjekt\u0173 asmens duomenis laikosi Bendrojo duomen\u0173 apsaugos reglamento nuostat\u0173 ir yra \u012fgyvendinusi atitinkamas organizacines ir technines asmens duomen\u0173 saugum\u0105 u\u017etikrinan\u010dias priemones, kurios padeda apsaugoti asmens duomenis nuo atsitiktinio ar neteis\u0117to sunaikinimo, pakeitimo, atskleidimo, taip pat nuo bet kokio kito neteis\u0117to tvarkymo.<\/p>\n<h2>DUOMEN\u0172 SUBJEKT\u0172 TEISI\u0172 \u012eGYVENDINIMO TVARKA<\/h2>\n<p>J\u016bs turite teis\u0119:<\/p>\n<ul>\n<li>kreiptis \u012f M\u0117nuo su pra\u0161ymu suteikti informacij\u0105 apie M\u0117nuo tvarkomus J\u016bs\u0173 asmens duomenis (\u201eteis\u0117 \u017einot\u201c ir \u201eteis\u0117 susipa\u017einti\u201c);<\/li>\n<li>kreiptis \u012f M\u0117nuo su pra\u0161ymu i\u0161taisyti ar sunaikinti J\u016bs\u0173 asmens duomenis, kai J\u016bs nustatote, kad duomenys yra neteisingi, nei\u0161sam\u016bs ar netiksl\u016bs (\u201eteis\u0117 i\u0161taisyti ir sunaikinti\u201c);<\/li>\n<li>kreiptis \u012f M\u0117nuo su pra\u0161ymu sustabdyti J\u016bs\u0173 asmens duomen\u0173 tvarkym\u0105, jeigu J\u016bs nustatote, kad asmens duomenys yra tvarkomi neteis\u0117tai arba nes\u0105\u017einingai (\u201eteis\u0117 sustabdyti\u201c);<\/li>\n<li>kreiptis \u012f M\u0117nuo su pra\u0161ymu nesutikti, kad toliau b\u016bt\u0173 tvarkomi J\u016bs\u0173 asmens duomenys (\u201eteis\u0117 nesutikti\u201c);<\/li>\n<li>kreiptis \u012f M\u0117nuo su pra\u0161ymu apriboti J\u016bs\u0173 duomen\u0173 tvarkym\u0105, jeigu asmens duomen\u0173 tvarkymas yra neteis\u0117tas (\u201eteis\u0117 apriboti\u201c);<\/li>\n<li>kreiptis \u012f M\u0117nuo su pra\u0161ymu i\u0161trinti J\u016bs\u0173 duomenis, kai asmens duomenys buvo tvarkomi neteis\u0117tai arba asmens duomenys neb\u0117ra reikalingi, kad b\u016bt\u0173 pasiekti tikslai, kuriais jie buvo renkami arba kitaip tvarkomi\u201c (\u201eteis\u0117 b\u016bti pamir\u0161tam\u201c);<\/li>\n<li>kreiptis \u012f M\u0117nuo su pra\u0161ymu suteikti informacij\u0105 apie M\u0117nuo tvarkomus asmens duomenis ir gauti duomenis susistemintu, \u012fprastai naudojamu ir kompiuterio skaitomu formatu (\u201eteis\u0117 \u012f duomen\u0173 perkeliamum\u0105\u201c).<\/li>\n<\/ul>\n<p>\u012egyvendinant \u0161ias teises, J\u016bs galite kreiptis \u012f M\u0117nuo el. pa\u0161tu: hello@menuothebrand.com<\/p>\n<p>Nepavykus i\u0161spr\u0119sti klausimo su M\u0117nuo ir jeigu Jums kelia susir\u016bpinim\u0105 M\u0117nuo veikimas \/ neveikimas, kuriais galimai nesilaikoma \u0161io Privatumo prane\u0161imo arba teis\u0117s akt\u0173 reikalavim\u0173, turite teis\u0119 kreiptis \u012f Prie\u017ei\u016br\u0105 atliekan\u010di\u0105 institucij\u0105, kuri atsakinga u\u017e asmens duomen\u0173 apsaug\u0105 reglamentuojan\u010di\u0173 teis\u0117s akt\u0173 prie\u017ei\u016br\u0105 ir kontrol\u0119.<\/p>\n<\/div>\n\n\t\t<\/div>\n\t\t\t\t\t<\/div>\n\n\t\n\n<\/div>","protected":false},"excerpt":{"rendered":"","protected":false},"author":1,"featured_media":0,"parent":0,"menu_order":0,"comment_status":"closed","ping_status":"open","template":"","meta":{"footnotes":""},"class_list":["post-3","page","type-page","status-publish","hentry"],"jetpack_sharing_enabled":true,"_links":{"self":[{"href":"https:\/\/menuothebrand.com\/lt\/wp-json\/wp\/v2\/pages\/3","targetHints":{"allow":["GET"]}}],"collection":[{"href":"https:\/\/menuothebrand.com\/lt\/wp-json\/wp\/v2\/pages"}],"about":[{"href":"https:\/\/menuothebrand.com\/lt\/wp-json\/wp\/v2\/types\/page"}],"author":[{"embeddable":true,"href":"https:\/\/menuothebrand.com\/lt\/wp-json\/wp\/v2\/users\/1"}],"replies":[{"embeddable":true,"href":"https:\/\/menuothebrand.com\/lt\/wp-json\/wp\/v2\/comments?post=3"}],"version-history":[{"count":9,"href":"https:\/\/menuothebrand.com\/lt\/wp-json\/wp\/v2\/pages\/3\/revisions"}],"predecessor-version":[{"id":1527,"href":"https:\/\/menuothebrand.com\/lt\/wp-json\/wp\/v2\/pages\/3\/revisions\/1527"}],"wp:attachment":[{"href":"https:\/\/menuothebrand.com\/lt\/wp-json\/wp\/v2\/media?parent=3"}],"curies":[{"name":"wp","href":"https:\/\/api.w.org\/{rel}","templated":true}]}}