{"id":540,"date":"2021-08-23T07:59:52","date_gmt":"2021-08-23T07:59:52","guid":{"rendered":"https:\/\/menuothebrand.com\/?page_id=540"},"modified":"2022-01-30T11:04:49","modified_gmt":"2022-01-30T11:04:49","slug":"contacts","status":"publish","type":"page","link":"https:\/\/menuothebrand.com\/lt\/contacts\/","title":{"rendered":"KONTAKTAI"},"content":{"rendered":"<div class=\"row\"  id=\"row-1615165153\">\n\n\n\t<div id=\"col-1378956318\" class=\"col medium-5 small-12 large-5\"  >\n\t\t\t\t<div class=\"col-inner\"  >\n\t\t\t\n\t\t\t\n\n<p><strong>Contact us:<\/strong><\/p>\n<p>Jei turite koki\u0173 klausim\u0173 d\u0117l dyd\u017ei\u0173, pristatymo s\u0105lyg\u0173 - m\u016bs\u0173 el. pa\u0161to d\u0117\u017eut\u0117 J\u016bs\u0173 paslaugoms!<\/p>\n<p><a href=\"mailto:hello@menuothebrand.com\">hello@menuothebrand.com<\/a><\/p>\n<p><strong>Legal info:<\/strong><br \/><span class=\"il\">MB<\/span>\u00a0<span class=\"il\">M\u0117nuo<\/span><br \/>Business code: 305725870<br \/>LITHUANIA<br \/>Phone +37061845392<\/p>\n\n\t\t<\/div>\n\t\t\t\t\t<\/div>\n\n\t\n\n\t<div id=\"col-1932388339\" class=\"col medium-7 small-12 large-7\"  >\n\t\t\t\t<div class=\"col-inner\"  >\n\t\t\t\n\t\t\t\n\n\t<div class=\"img has-hover x md-x lg-x y md-y lg-y\" id=\"image_1831054008\">\n\t\t\t\t\t\t\t\t<div class=\"img-inner image-cover dark\" style=\"padding-top:100%;\">\n\t\t\t<img loading=\"lazy\" decoding=\"async\" width=\"768\" height=\"1024\" src=\"https:\/\/i0.wp.com\/menuothebrand.com\/wp-content\/uploads\/2021\/08\/2021-06-09_00077.jpeg?fit=768%2C1024&amp;ssl=1\" class=\"attachment-large size-large\" alt=\"\" srcset=\"https:\/\/i0.wp.com\/menuothebrand.com\/wp-content\/uploads\/2021\/08\/2021-06-09_00077.jpeg?w=1536&amp;ssl=1 1536w, https:\/\/i0.wp.com\/menuothebrand.com\/wp-content\/uploads\/2021\/08\/2021-06-09_00077.jpeg?resize=225%2C300&amp;ssl=1 225w, https:\/\/i0.wp.com\/menuothebrand.com\/wp-content\/uploads\/2021\/08\/2021-06-09_00077.jpeg?resize=768%2C1024&amp;ssl=1 768w, https:\/\/i0.wp.com\/menuothebrand.com\/wp-content\/uploads\/2021\/08\/2021-06-09_00077.jpeg?resize=1152%2C1536&amp;ssl=1 1152w, https:\/\/i0.wp.com\/menuothebrand.com\/wp-content\/uploads\/2021\/08\/2021-06-09_00077.jpeg?resize=9%2C12&amp;ssl=1 9w, https:\/\/i0.wp.com\/menuothebrand.com\/wp-content\/uploads\/2021\/08\/2021-06-09_00077.jpeg?resize=1320%2C1760&amp;ssl=1 1320w, https:\/\/i0.wp.com\/menuothebrand.com\/wp-content\/uploads\/2021\/08\/2021-06-09_00077.jpeg?resize=300%2C400&amp;ssl=1 300w, https:\/\/i0.wp.com\/menuothebrand.com\/wp-content\/uploads\/2021\/08\/2021-06-09_00077.jpeg?resize=600%2C800&amp;ssl=1 600w\" sizes=\"auto, (max-width: 768px) 100vw, 768px\" \/>\t\t\t\t\t\t\n\t\t\t\t\t<\/div>\n\t\t\t\t\t\t\t\t\n<style>\n#image_1831054008 {\n  width: 100%;\n}\n<\/style>\n\t<\/div>\n\t\n\n\n\t\t<\/div>\n\t\t\t\t\t<\/div>\n\n\t\n\n<\/div>","protected":false},"excerpt":{"rendered":"","protected":false},"author":1,"featured_media":0,"parent":0,"menu_order":0,"comment_status":"closed","ping_status":"closed","template":"","meta":{"footnotes":""},"class_list":["post-540","page","type-page","status-publish","hentry"],"jetpack_sharing_enabled":true,"_links":{"self":[{"href":"https:\/\/menuothebrand.com\/lt\/wp-json\/wp\/v2\/pages\/540","targetHints":{"allow":["GET"]}}],"collection":[{"href":"https:\/\/menuothebrand.com\/lt\/wp-json\/wp\/v2\/pages"}],"about":[{"href":"https:\/\/menuothebrand.com\/lt\/wp-json\/wp\/v2\/types\/page"}],"author":[{"embeddable":true,"href":"https:\/\/menuothebrand.com\/lt\/wp-json\/wp\/v2\/users\/1"}],"replies":[{"embeddable":true,"href":"https:\/\/menuothebrand.com\/lt\/wp-json\/wp\/v2\/comments?post=540"}],"version-history":[{"count":7,"href":"https:\/\/menuothebrand.com\/lt\/wp-json\/wp\/v2\/pages\/540\/revisions"}],"predecessor-version":[{"id":1525,"href":"https:\/\/menuothebrand.com\/lt\/wp-json\/wp\/v2\/pages\/540\/revisions\/1525"}],"wp:attachment":[{"href":"https:\/\/menuothebrand.com\/lt\/wp-json\/wp\/v2\/media?parent=540"}],"curies":[{"name":"wp","href":"https:\/\/api.w.org\/{rel}","templated":true}]}}