{"id":2520,"date":"2023-04-15T16:37:31","date_gmt":"2023-04-15T16:37:31","guid":{"rendered":"https:\/\/menuothebrand.com\/?post_type=product&#038;p=2520"},"modified":"2026-03-23T20:24:12","modified_gmt":"2026-03-23T20:24:12","slug":"ocean-serenity-silk-kimono-robe-for-men","status":"publish","type":"product","link":"https:\/\/menuothebrand.com\/lt\/produktas\/ocean-serenity-silk-kimono-robe-for-men\/","title":{"rendered":"OCEAN SERENITY Silk Kimono robe for men"},"content":{"rendered":"<p>Vyrai taip pat ne\u0161ioja kimono! \u0160is rank\u0173 darbo \u0161ilkinis chalatas si\u016btas i\u0161 tradinini\u0173 ra\u0161t\u0173 Balieti\u0161ko \u0161ilko ir satino, tikrai patiks tavi\u0161kiui!<\/p>\n<p>KIMONO DYDIS<\/p>\n<p>Chalatai lengvai krentantys, neliemenuoti. Turi i\u0161orin\u012f dir\u017e\u0105 ir vidin\u012f dir\u017eel\u012f. Jei abejojate, kur\u012f dyd\u012f rinktis \u2013 \u017evilgtel\u0117kite \u012f m\u016bs\u0173 dyd\u017ei\u0173 lenteles.<\/p>\n<p>Modelis nuotraukose yra 1,95 cm \u016bgio ir vilki L\/XL dyd\u017eio kimono.<\/p>","protected":false},"excerpt":{"rendered":"<ul>\n<li>Nuostabus \u0161ilkinis chalatas puo\u0161tas tradiciniais Balieti\u0161kais ra\u0161tais<\/li>\n<li>Lengvai krentantis kirpimas, siusiau\u010diamas dir\u017eu<\/li>\n<li>Sud\u0117tis: 50% \u0161ilkas, 50% poliesteris<\/li>\n<li>Turi vidin\u012f dir\u017eel\u012f, kad chalatas \u201cnepab\u0117gt\u0173\u201d<\/li>\n<li>Galima skalbti skalbimo ma\u0161ina naudojant \u0161velni\u0105 \u0161alt\u0105 program\u0105, negalima d\u017eiovinti d\u017eiovykl\u0117je<\/li>\n<\/ul>\n<p>&nbsp;<\/p>","protected":false},"featured_media":2525,"template":"","meta":[],"product_brand":[],"product_cat":[17],"product_tag":[],"class_list":{"0":"post-2520","1":"product","2":"type-product","3":"status-publish","4":"has-post-thumbnail","6":"product_cat-man","8":"first","9":"instock","10":"taxable","11":"shipping-taxable","12":"purchasable","13":"product-type-variable"},"jetpack_sharing_enabled":true,"_links":{"self":[{"href":"https:\/\/menuothebrand.com\/lt\/wp-json\/wp\/v2\/product\/2520","targetHints":{"allow":["GET"]}}],"collection":[{"href":"https:\/\/menuothebrand.com\/lt\/wp-json\/wp\/v2\/product"}],"about":[{"href":"https:\/\/menuothebrand.com\/lt\/wp-json\/wp\/v2\/types\/product"}],"wp:featuredmedia":[{"embeddable":true,"href":"https:\/\/menuothebrand.com\/lt\/wp-json\/wp\/v2\/media\/2525"}],"wp:attachment":[{"href":"https:\/\/menuothebrand.com\/lt\/wp-json\/wp\/v2\/media?parent=2520"}],"wp:term":[{"taxonomy":"product_brand","embeddable":true,"href":"https:\/\/menuothebrand.com\/lt\/wp-json\/wp\/v2\/product_brand?post=2520"},{"taxonomy":"product_cat","embeddable":true,"href":"https:\/\/menuothebrand.com\/lt\/wp-json\/wp\/v2\/product_cat?post=2520"},{"taxonomy":"product_tag","embeddable":true,"href":"https:\/\/menuothebrand.com\/lt\/wp-json\/wp\/v2\/product_tag?post=2520"}],"curies":[{"name":"wp","href":"https:\/\/api.w.org\/{rel}","templated":true}]}}