{"id":3147,"date":"2023-11-13T17:54:43","date_gmt":"2023-11-13T17:54:43","guid":{"rendered":"https:\/\/menuothebrand.com\/?post_type=product&#038;p=3147"},"modified":"2026-04-19T20:33:09","modified_gmt":"2026-04-19T20:33:09","slug":"gilded-pleasure-short-silk-kimono-robe-for-woman","status":"publish","type":"product","link":"https:\/\/menuothebrand.com\/lt\/produktas\/gilded-pleasure-short-silk-kimono-robe-for-woman\/","title":{"rendered":"GILDED PLEASURE Short Silk Kimono robe for woman"},"content":{"rendered":"<p>Apsivilkus \u0161\u012f kimono jausiesi lyg pati k\u0105 tik gr\u012f\u017eai i\u0161 nuostabiausi\u0173 atostog\u0173! Ypa\u010d \u0161velnus audinys maloniai v\u0117sins kai kar\u0161ta, bei \u0161ildys kai v\u0117su.<\/p>\n<p><em><strong>KIMONO DYDIS<\/strong><\/em><\/p>\n<p>Visi kimono yra laisvo kirpimo, neliemenuoti, su akcentiniu dir\u017eu ir kilpel\u0117mis. Nesvarbu, ar tai vasaros diena papl\u016bdimyje, ar tiesiog norite pasijusti prabangiai ils\u0117damiesi namuose \u2013 apsigaub\u0119 \u0161ilkiniu kimono visada jausit\u0117s tarsi egzoti\u0161kose atostogose.<\/p>\n<p>\u0160is kimono yra vieno dyd\u017eio ir tinka S, M, L dyd\u017eiams. Modelio \u016bgis yra 170 cm.<\/p>","protected":false},"excerpt":{"rendered":"<ul>\n<li>Nuostabus \u0161ilkinis chalatas puo\u0161tas tradiciniais Balieti\u0161kais ra\u0161tais<\/li>\n<li>Lengvai krentantis kirpimas, siusiau\u010diamas dir\u017eu<\/li>\n<li>Sud\u0117tis: 50% \u0161ilkas, 50% poliesteris<\/li>\n<li>Galima skalbti skalbimo ma\u0161ina naudojant \u0161velni\u0105 \u0161alt\u0105 program\u0105, negalima d\u017eiovinti d\u017eiovykl\u0117je<\/li>\n<\/ul>","protected":false},"featured_media":3148,"template":"","meta":[],"product_brand":[],"product_cat":[16],"product_tag":[],"class_list":{"0":"post-3147","1":"product","2":"type-product","3":"status-publish","4":"has-post-thumbnail","6":"product_cat-woman","8":"first","9":"instock","10":"taxable","11":"shipping-taxable","12":"purchasable","13":"product-type-simple"},"jetpack_sharing_enabled":true,"_links":{"self":[{"href":"https:\/\/menuothebrand.com\/lt\/wp-json\/wp\/v2\/product\/3147","targetHints":{"allow":["GET"]}}],"collection":[{"href":"https:\/\/menuothebrand.com\/lt\/wp-json\/wp\/v2\/product"}],"about":[{"href":"https:\/\/menuothebrand.com\/lt\/wp-json\/wp\/v2\/types\/product"}],"wp:featuredmedia":[{"embeddable":true,"href":"https:\/\/menuothebrand.com\/lt\/wp-json\/wp\/v2\/media\/3148"}],"wp:attachment":[{"href":"https:\/\/menuothebrand.com\/lt\/wp-json\/wp\/v2\/media?parent=3147"}],"wp:term":[{"taxonomy":"product_brand","embeddable":true,"href":"https:\/\/menuothebrand.com\/lt\/wp-json\/wp\/v2\/product_brand?post=3147"},{"taxonomy":"product_cat","embeddable":true,"href":"https:\/\/menuothebrand.com\/lt\/wp-json\/wp\/v2\/product_cat?post=3147"},{"taxonomy":"product_tag","embeddable":true,"href":"https:\/\/menuothebrand.com\/lt\/wp-json\/wp\/v2\/product_tag?post=3147"}],"curies":[{"name":"wp","href":"https:\/\/api.w.org\/{rel}","templated":true}]}}