{"id":677,"date":"2022-03-27T15:36:30","date_gmt":"2022-03-27T15:36:30","guid":{"rendered":"https:\/\/menuothebrand.com\/?post_type=product&#038;p=677"},"modified":"2023-10-23T16:47:19","modified_gmt":"2023-10-23T16:47:19","slug":"tree-fog-green-silk-kimono-robe-for-woman","status":"publish","type":"product","link":"https:\/\/menuothebrand.com\/lt\/produktas\/tree-fog-green-silk-kimono-robe-for-woman\/","title":{"rendered":"TREE FOG GREEN Silk Kimono robe for woman"},"content":{"rendered":"<p>Apsivilkus \u0161\u012f kimono jausiesi lyg pati k\u0105 tik gr\u012f\u017eai i\u0161 nuostabiausi\u0173 atostog\u0173! Ypa\u010d \u0161velnus audinys maloniai v\u0117sins kai kar\u0161ta, bei \u0161ildys kai v\u0117su.<\/p>\n<p>KIMONO DYDIS<\/p>\n<p>Chalatai lengvai krentantys, neliemenuoti. Turi i\u0161orin\u012f dir\u017e\u0105 ir vidin\u012f dir\u017eel\u012f.<br \/>Jei abejojate, kur\u012f dyd\u012f rinktis \u2013 \u017evilgtel\u0117kite \u012f m\u016bs\u0173 dyd\u017ei\u0173 lenteles.<\/p>\n<p>Modelis nuotraukose yra 1,64 cm \u016bgio ir vilki S\/M dyd\u017eio kimono.<\/p>","protected":false},"excerpt":{"rendered":"<ul>\n<li>Nuostabus \u0161ilkinis chalatas puo\u0161tas tradiciniais Balieti\u0161kais ra\u0161tais<\/li>\n<li>Lengvai krentantis kirpimas, siusiau\u010diamas dir\u017eu<\/li>\n<li>Sud\u0117tis: 50% \u0161ilkas, 50% poliesteris<\/li>\n<li>Turi vidin\u012f dir\u017eel\u012f, kad chalatas \u201cnepab\u0117gt\u0173\u201d<\/li>\n<li>Galima skalbti skalbimo ma\u0161ina naudojant \u0161velni\u0105 \u0161alt\u0105 program\u0105, negalima d\u017eiovinti d\u017eiovykl\u0117je<\/li>\n<\/ul>","protected":false},"featured_media":839,"template":"","meta":[],"product_brand":[],"product_cat":[16],"product_tag":[],"class_list":{"0":"post-677","1":"product","2":"type-product","3":"status-publish","4":"has-post-thumbnail","6":"product_cat-woman","8":"first","9":"outofstock","10":"taxable","11":"shipping-taxable","12":"purchasable","13":"product-type-variable"},"jetpack_sharing_enabled":true,"_links":{"self":[{"href":"https:\/\/menuothebrand.com\/lt\/wp-json\/wp\/v2\/product\/677","targetHints":{"allow":["GET"]}}],"collection":[{"href":"https:\/\/menuothebrand.com\/lt\/wp-json\/wp\/v2\/product"}],"about":[{"href":"https:\/\/menuothebrand.com\/lt\/wp-json\/wp\/v2\/types\/product"}],"wp:featuredmedia":[{"embeddable":true,"href":"https:\/\/menuothebrand.com\/lt\/wp-json\/wp\/v2\/media\/839"}],"wp:attachment":[{"href":"https:\/\/menuothebrand.com\/lt\/wp-json\/wp\/v2\/media?parent=677"}],"wp:term":[{"taxonomy":"product_brand","embeddable":true,"href":"https:\/\/menuothebrand.com\/lt\/wp-json\/wp\/v2\/product_brand?post=677"},{"taxonomy":"product_cat","embeddable":true,"href":"https:\/\/menuothebrand.com\/lt\/wp-json\/wp\/v2\/product_cat?post=677"},{"taxonomy":"product_tag","embeddable":true,"href":"https:\/\/menuothebrand.com\/lt\/wp-json\/wp\/v2\/product_tag?post=677"}],"curies":[{"name":"wp","href":"https:\/\/api.w.org\/{rel}","templated":true}]}}